{"id":1351,"date":"2023-05-25T21:40:57","date_gmt":"2023-05-25T21:40:57","guid":{"rendered":"https:\/\/lanortenita917.com.mx\/?page_id=1351"},"modified":"2023-06-07T15:41:04","modified_gmt":"2023-06-07T15:41:04","slug":"noticias","status":"publish","type":"page","link":"https:\/\/lanortenita917.com.mx\/index.php\/noticias\/","title":{"rendered":"Noticias"},"content":{"rendered":"\t\t<div data-elementor-type=\"wp-page\" data-elementor-id=\"1351\" class=\"elementor elementor-1351\" data-elementor-post-type=\"page\">\n\t\t\t\t\t\t\t\t\t<section class=\"elementor-section elementor-top-section elementor-element elementor-element-47c11f8 elementor-section-boxed elementor-section-height-default elementor-section-height-default\" data-id=\"47c11f8\" data-element_type=\"section\">\n\t\t\t\t\t\t<div class=\"elementor-container elementor-column-gap-default\">\n\t\t\t\t\t<div class=\"elementor-column elementor-col-100 elementor-top-column elementor-element elementor-element-22a50ac\" data-id=\"22a50ac\" data-element_type=\"column\">\n\t\t\t<div class=\"elementor-widget-wrap elementor-element-populated\">\n\t\t\t\t\t\t\t\t<div class=\"elementor-element elementor-element-d6d8dbd elementor-invisible elementor-widget elementor-widget-heading\" data-id=\"d6d8dbd\" data-element_type=\"widget\" data-settings=\"{&quot;motion_fx_motion_fx_scrolling&quot;:&quot;yes&quot;,&quot;_animation&quot;:&quot;fadeInLeft&quot;,&quot;_animation_delay&quot;:500,&quot;motion_fx_devices&quot;:[&quot;desktop&quot;,&quot;tablet&quot;,&quot;mobile&quot;]}\" data-widget_type=\"heading.default\">\n\t\t\t\t<div class=\"elementor-widget-container\">\n\t\t\t<style>\/*! elementor - v3.16.0 - 13-09-2023 *\/\n.elementor-heading-title{padding:0;margin:0;line-height:1}.elementor-widget-heading .elementor-heading-title[class*=elementor-size-]>a{color:inherit;font-size:inherit;line-height:inherit}.elementor-widget-heading .elementor-heading-title.elementor-size-small{font-size:15px}.elementor-widget-heading .elementor-heading-title.elementor-size-medium{font-size:19px}.elementor-widget-heading .elementor-heading-title.elementor-size-large{font-size:29px}.elementor-widget-heading .elementor-heading-title.elementor-size-xl{font-size:39px}.elementor-widget-heading .elementor-heading-title.elementor-size-xxl{font-size:59px}<\/style><h2 class=\"elementor-heading-title elementor-size-default\">Noticias<\/h2>\t\t<\/div>\n\t\t\t\t<\/div>\n\t\t\t\t\t<\/div>\n\t\t<\/div>\n\t\t\t\t\t\t\t<\/div>\n\t\t<\/section>\n\t\t\t\t<section class=\"elementor-section elementor-top-section elementor-element elementor-element-ec611b6 elementor-section-boxed elementor-section-height-default elementor-section-height-default\" data-id=\"ec611b6\" data-element_type=\"section\">\n\t\t\t\t\t\t<div class=\"elementor-container elementor-column-gap-default\">\n\t\t\t\t\t<div class=\"elementor-column elementor-col-100 elementor-top-column elementor-element elementor-element-a4827c9\" data-id=\"a4827c9\" data-element_type=\"column\">\n\t\t\t<div class=\"elementor-widget-wrap elementor-element-populated\">\n\t\t\t\t\t\t\t\t<div class=\"elementor-element elementor-element-c874eb1 elementor-grid-2 elementor-grid-tablet-2 elementor-grid-mobile-1 elementor-posts--thumbnail-top elementor-invisible elementor-widget elementor-widget-posts\" data-id=\"c874eb1\" data-element_type=\"widget\" data-settings=\"{&quot;classic_columns&quot;:&quot;2&quot;,&quot;_animation&quot;:&quot;fadeInUp&quot;,&quot;classic_row_gap&quot;:{&quot;unit&quot;:&quot;px&quot;,&quot;size&quot;:36,&quot;sizes&quot;:[]},&quot;classic_columns_tablet&quot;:&quot;2&quot;,&quot;classic_columns_mobile&quot;:&quot;1&quot;,&quot;classic_row_gap_tablet&quot;:{&quot;unit&quot;:&quot;px&quot;,&quot;size&quot;:&quot;&quot;,&quot;sizes&quot;:[]},&quot;classic_row_gap_mobile&quot;:{&quot;unit&quot;:&quot;px&quot;,&quot;size&quot;:&quot;&quot;,&quot;sizes&quot;:[]}}\" data-widget_type=\"posts.classic\">\n\t\t\t\t<div class=\"elementor-widget-container\">\n\t\t\t<link rel=\"stylesheet\" href=\"https:\/\/lanortenita917.com.mx\/wp-content\/plugins\/elementor-pro\/assets\/css\/widget-posts.min.css\">\t\t<div class=\"elementor-posts-container elementor-posts elementor-posts--skin-classic elementor-grid\">\n\t\t\t\t<article class=\"elementor-post elementor-grid-item post-133538 post type-post status-publish format-standard has-post-thumbnail hentry category-espectaculos category-notaslanortenita category-notasmagiadigital category-ocio\">\n\t\t\t\t<a class=\"elementor-post__thumbnail__link\" href=\"https:\/\/lanortenita917.com.mx\/index.php\/2024\/05\/28\/peso-pluma-lo-sacan-de-su-propia-actuacion\/\" >\n\t\t\t<div class=\"elementor-post__thumbnail\"><img loading=\"lazy\" decoding=\"async\" width=\"300\" height=\"186\" src=\"https:\/\/lanortenita917.com.mx\/wp-content\/uploads\/2024\/05\/pp2-1-300x186.png\" class=\"attachment-medium size-medium wp-image-133558\" alt=\"\" srcset=\"https:\/\/lanortenita917.com.mx\/wp-content\/uploads\/2024\/05\/pp2-1-300x186.png 300w, https:\/\/lanortenita917.com.mx\/wp-content\/uploads\/2024\/05\/pp2-1.png 687w\" sizes=\"auto, (max-width: 300px) 100vw, 300px\" \/><\/div>\n\t\t<\/a>\n\t\t\t\t<div class=\"elementor-post__text\">\n\t\t\t\t<h3 class=\"elementor-post__title\">\n\t\t\t<a href=\"https:\/\/lanortenita917.com.mx\/index.php\/2024\/05\/28\/peso-pluma-lo-sacan-de-su-propia-actuacion\/\" >\n\t\t\t\tPeso Pluma, lo sacan de su propia actuaci\u00f3n\t\t\t<\/a>\n\t\t<\/h3>\n\t\t\t\t<div class=\"elementor-post__meta-data\">\n\t\t\t\t\t<span class=\"elementor-post-date\">\n\t\t\tmayo 28, 2024\t\t<\/span>\n\t\t\t\t<span class=\"elementor-post-avatar\">\n\t\t\tNo hay comentarios\t\t<\/span>\n\t\t\t\t<\/div>\n\t\t\t\t<div class=\"elementor-post__excerpt\">\n\t\t\t<p>El Festival Sue\u00f1os en Chicago promet\u00eda ser un evento inolvidable para los aficionados a la m\u00fasica latina este fin de semana, con destacadas presentaciones de<\/p>\n\t\t<\/div>\n\t\t\n\t\t<a class=\"elementor-post__read-more\" href=\"https:\/\/lanortenita917.com.mx\/index.php\/2024\/05\/28\/peso-pluma-lo-sacan-de-su-propia-actuacion\/\" aria-label=\"Read more about Peso Pluma, lo sacan de su propia actuaci\u00f3n\" >\n\t\t\tLeer m\u00e1s \u00bb\t\t<\/a>\n\n\t\t\t\t<\/div>\n\t\t\t\t<\/article>\n\t\t\t\t<article class=\"elementor-post elementor-grid-item post-133548 post type-post status-publish format-standard has-post-thumbnail hentry category-espectaculos category-notaslanortenita category-notasmagiadigital category-ocio\">\n\t\t\t\t<a class=\"elementor-post__thumbnail__link\" href=\"https:\/\/lanortenita917.com.mx\/index.php\/2024\/05\/28\/video-criticas-hacia-angela-aguilar-por-el-uso-de-relleno-para-resaltar-sus-curvas\/\" >\n\t\t\t<div class=\"elementor-post__thumbnail\"><img loading=\"lazy\" decoding=\"async\" width=\"300\" height=\"183\" src=\"https:\/\/lanortenita917.com.mx\/wp-content\/uploads\/2024\/05\/angela1-300x183.png\" class=\"attachment-medium size-medium wp-image-133550\" alt=\"\" srcset=\"https:\/\/lanortenita917.com.mx\/wp-content\/uploads\/2024\/05\/angela1-300x183.png 300w, https:\/\/lanortenita917.com.mx\/wp-content\/uploads\/2024\/05\/angela1-1024x625.png 1024w, https:\/\/lanortenita917.com.mx\/wp-content\/uploads\/2024\/05\/angela1-768x469.png 768w, https:\/\/lanortenita917.com.mx\/wp-content\/uploads\/2024\/05\/angela1.png 1072w\" sizes=\"auto, (max-width: 300px) 100vw, 300px\" \/><\/div>\n\t\t<\/a>\n\t\t\t\t<div class=\"elementor-post__text\">\n\t\t\t\t<h3 class=\"elementor-post__title\">\n\t\t\t<a href=\"https:\/\/lanortenita917.com.mx\/index.php\/2024\/05\/28\/video-criticas-hacia-angela-aguilar-por-el-uso-de-relleno-para-resaltar-sus-curvas\/\" >\n\t\t\t\tVIDEO &#8211; Cr\u00edticas hacia \u00c1ngela Aguilar por el Uso de Relleno para Resaltar sus Curvas\t\t\t<\/a>\n\t\t<\/h3>\n\t\t\t\t<div class=\"elementor-post__meta-data\">\n\t\t\t\t\t<span class=\"elementor-post-date\">\n\t\t\tmayo 28, 2024\t\t<\/span>\n\t\t\t\t<span class=\"elementor-post-avatar\">\n\t\t\tNo hay comentarios\t\t<\/span>\n\t\t\t\t<\/div>\n\t\t\t\t<div class=\"elementor-post__excerpt\">\n\t\t\t<p>\u00c1ngela Aguilar ha sido objeto de cr\u00edticas luego de que se sugiriera que utiliz\u00f3 relleno para realzar sus curvas. La destacada int\u00e9rprete de m\u00fasica regional<\/p>\n\t\t<\/div>\n\t\t\n\t\t<a class=\"elementor-post__read-more\" href=\"https:\/\/lanortenita917.com.mx\/index.php\/2024\/05\/28\/video-criticas-hacia-angela-aguilar-por-el-uso-de-relleno-para-resaltar-sus-curvas\/\" aria-label=\"Read more about VIDEO &#8211; Cr\u00edticas hacia \u00c1ngela Aguilar por el Uso de Relleno para Resaltar sus Curvas\" >\n\t\t\tLeer m\u00e1s \u00bb\t\t<\/a>\n\n\t\t\t\t<\/div>\n\t\t\t\t<\/article>\n\t\t\t\t<article class=\"elementor-post elementor-grid-item post-131527 post type-post status-publish format-standard has-post-thumbnail hentry category-espectaculos category-notaslanortenita category-notasmagiadigital category-ocio\">\n\t\t\t\t<a class=\"elementor-post__thumbnail__link\" href=\"https:\/\/lanortenita917.com.mx\/index.php\/2024\/05\/20\/la-nueva-evidencia-que-delata-que-anitta-y-peso-pluma-estarian-en-una-relacion-seria\/\" >\n\t\t\t<div class=\"elementor-post__thumbnail\"><img loading=\"lazy\" decoding=\"async\" width=\"300\" height=\"210\" src=\"https:\/\/lanortenita917.com.mx\/wp-content\/uploads\/2024\/05\/ANTA2-300x210.png\" class=\"attachment-medium size-medium wp-image-131534\" alt=\"\" srcset=\"https:\/\/lanortenita917.com.mx\/wp-content\/uploads\/2024\/05\/ANTA2-300x210.png 300w, https:\/\/lanortenita917.com.mx\/wp-content\/uploads\/2024\/05\/ANTA2-768x539.png 768w, https:\/\/lanortenita917.com.mx\/wp-content\/uploads\/2024\/05\/ANTA2.png 791w\" sizes=\"auto, (max-width: 300px) 100vw, 300px\" \/><\/div>\n\t\t<\/a>\n\t\t\t\t<div class=\"elementor-post__text\">\n\t\t\t\t<h3 class=\"elementor-post__title\">\n\t\t\t<a href=\"https:\/\/lanortenita917.com.mx\/index.php\/2024\/05\/20\/la-nueva-evidencia-que-delata-que-anitta-y-peso-pluma-estarian-en-una-relacion-seria\/\" >\n\t\t\t\tLa nueva evidencia que delata que Anitta y Peso Pluma estar\u00edan en una relaci\u00f3n seria\t\t\t<\/a>\n\t\t<\/h3>\n\t\t\t\t<div class=\"elementor-post__meta-data\">\n\t\t\t\t\t<span class=\"elementor-post-date\">\n\t\t\tmayo 20, 2024\t\t<\/span>\n\t\t\t\t<span class=\"elementor-post-avatar\">\n\t\t\tNo hay comentarios\t\t<\/span>\n\t\t\t\t<\/div>\n\t\t\t\t<div class=\"elementor-post__excerpt\">\n\t\t\t<p>Una nueva evidencia publicada en las redes sociales delatar\u00eda la relaci\u00f3n que tienen Anitta y Peso Pluma. Desde hace unas tres semanas se vienen dejando<\/p>\n\t\t<\/div>\n\t\t\n\t\t<a class=\"elementor-post__read-more\" href=\"https:\/\/lanortenita917.com.mx\/index.php\/2024\/05\/20\/la-nueva-evidencia-que-delata-que-anitta-y-peso-pluma-estarian-en-una-relacion-seria\/\" aria-label=\"Read more about La nueva evidencia que delata que Anitta y Peso Pluma estar\u00edan en una relaci\u00f3n seria\" >\n\t\t\tLeer m\u00e1s \u00bb\t\t<\/a>\n\n\t\t\t\t<\/div>\n\t\t\t\t<\/article>\n\t\t\t\t<article class=\"elementor-post elementor-grid-item post-131540 post type-post status-publish format-standard has-post-thumbnail hentry category-espectaculos category-notaslanortenita category-notasmagiadigital category-ocio\">\n\t\t\t\t<a class=\"elementor-post__thumbnail__link\" href=\"https:\/\/lanortenita917.com.mx\/index.php\/2024\/05\/20\/larry-hernandez-se-arrepiente-y-pide-perdon-por-humillar-a-trabajador\/\" >\n\t\t\t<div class=\"elementor-post__thumbnail\"><img loading=\"lazy\" decoding=\"async\" width=\"300\" height=\"264\" src=\"https:\/\/lanortenita917.com.mx\/wp-content\/uploads\/2024\/05\/LARRY1-300x264.png\" class=\"attachment-medium size-medium wp-image-131543\" alt=\"\" srcset=\"https:\/\/lanortenita917.com.mx\/wp-content\/uploads\/2024\/05\/LARRY1-300x264.png 300w, https:\/\/lanortenita917.com.mx\/wp-content\/uploads\/2024\/05\/LARRY1.png 541w\" sizes=\"auto, (max-width: 300px) 100vw, 300px\" \/><\/div>\n\t\t<\/a>\n\t\t\t\t<div class=\"elementor-post__text\">\n\t\t\t\t<h3 class=\"elementor-post__title\">\n\t\t\t<a href=\"https:\/\/lanortenita917.com.mx\/index.php\/2024\/05\/20\/larry-hernandez-se-arrepiente-y-pide-perdon-por-humillar-a-trabajador\/\" >\n\t\t\t\tLarry Hern\u00e1ndez se arrepiente y pide perd\u00f3n por humillar a trabajador\t\t\t<\/a>\n\t\t<\/h3>\n\t\t\t\t<div class=\"elementor-post__meta-data\">\n\t\t\t\t\t<span class=\"elementor-post-date\">\n\t\t\tmayo 20, 2024\t\t<\/span>\n\t\t\t\t<span class=\"elementor-post-avatar\">\n\t\t\tNo hay comentarios\t\t<\/span>\n\t\t\t\t<\/div>\n\t\t\t\t<div class=\"elementor-post__excerpt\">\n\t\t\t<p>El nombre de Larry Hern\u00e1ndez se convirti\u00f3 en tendencia en redes sociales hace unos d\u00edas debido a un par de videos que circularon en los<\/p>\n\t\t<\/div>\n\t\t\n\t\t<a class=\"elementor-post__read-more\" href=\"https:\/\/lanortenita917.com.mx\/index.php\/2024\/05\/20\/larry-hernandez-se-arrepiente-y-pide-perdon-por-humillar-a-trabajador\/\" aria-label=\"Read more about Larry Hern\u00e1ndez se arrepiente y pide perd\u00f3n por humillar a trabajador\" >\n\t\t\tLeer m\u00e1s \u00bb\t\t<\/a>\n\n\t\t\t\t<\/div>\n\t\t\t\t<\/article>\n\t\t\t\t<article class=\"elementor-post elementor-grid-item post-128724 post type-post status-publish format-standard has-post-thumbnail hentry category-espectaculos category-notaslanortenita category-notasmagiadigital category-notasswitch category-ocio\">\n\t\t\t\t<a class=\"elementor-post__thumbnail__link\" href=\"https:\/\/lanortenita917.com.mx\/index.php\/2024\/05\/09\/carin-leon-inicia-el-espectaculo-ante-la-multitud-en-glendale-arizona\/\" >\n\t\t\t<div class=\"elementor-post__thumbnail\"><img loading=\"lazy\" decoding=\"async\" width=\"300\" height=\"181\" src=\"https:\/\/lanortenita917.com.mx\/wp-content\/uploads\/2024\/05\/carin-300x181.png\" class=\"attachment-medium size-medium wp-image-128725\" alt=\"\" srcset=\"https:\/\/lanortenita917.com.mx\/wp-content\/uploads\/2024\/05\/carin-300x181.png 300w, https:\/\/lanortenita917.com.mx\/wp-content\/uploads\/2024\/05\/carin.png 752w\" sizes=\"auto, (max-width: 300px) 100vw, 300px\" \/><\/div>\n\t\t<\/a>\n\t\t\t\t<div class=\"elementor-post__text\">\n\t\t\t\t<h3 class=\"elementor-post__title\">\n\t\t\t<a href=\"https:\/\/lanortenita917.com.mx\/index.php\/2024\/05\/09\/carin-leon-inicia-el-espectaculo-ante-la-multitud-en-glendale-arizona\/\" >\n\t\t\t\tCar\u00edn Le\u00f3n Inicia el Espect\u00e1culo Ante la Multitud en Glendale, Arizona\t\t\t<\/a>\n\t\t<\/h3>\n\t\t\t\t<div class=\"elementor-post__meta-data\">\n\t\t\t\t\t<span class=\"elementor-post-date\">\n\t\t\tmayo 9, 2024\t\t<\/span>\n\t\t\t\t<span class=\"elementor-post-avatar\">\n\t\t\tNo hay comentarios\t\t<\/span>\n\t\t\t\t<\/div>\n\t\t\t\t<div class=\"elementor-post__excerpt\">\n\t\t\t<p>En un gesto discreto, sin adelantar mucho y manteniendo el misterio sobre lo que ser\u00eda su actuaci\u00f3n, Car\u00edn Le\u00f3n abri\u00f3 el concierto de los Rolling<\/p>\n\t\t<\/div>\n\t\t\n\t\t<a class=\"elementor-post__read-more\" href=\"https:\/\/lanortenita917.com.mx\/index.php\/2024\/05\/09\/carin-leon-inicia-el-espectaculo-ante-la-multitud-en-glendale-arizona\/\" aria-label=\"Read more about Car\u00edn Le\u00f3n Inicia el Espect\u00e1culo Ante la Multitud en Glendale, Arizona\" >\n\t\t\tLeer m\u00e1s \u00bb\t\t<\/a>\n\n\t\t\t\t<\/div>\n\t\t\t\t<\/article>\n\t\t\t\t<article class=\"elementor-post elementor-grid-item post-128730 post type-post status-publish format-standard has-post-thumbnail hentry category-espectaculos category-notaslanortenita category-notasmagiadigital category-ocio\">\n\t\t\t\t<a class=\"elementor-post__thumbnail__link\" href=\"https:\/\/lanortenita917.com.mx\/index.php\/2024\/05\/09\/christian-nodal-borra-todas-sus-fotos-en-instagram\/\" >\n\t\t\t<div class=\"elementor-post__thumbnail\"><img loading=\"lazy\" decoding=\"async\" width=\"300\" height=\"181\" src=\"https:\/\/lanortenita917.com.mx\/wp-content\/uploads\/2024\/05\/NDL1-300x181.png\" class=\"attachment-medium size-medium wp-image-128731\" alt=\"\" srcset=\"https:\/\/lanortenita917.com.mx\/wp-content\/uploads\/2024\/05\/NDL1-300x181.png 300w, https:\/\/lanortenita917.com.mx\/wp-content\/uploads\/2024\/05\/NDL1.png 716w\" sizes=\"auto, (max-width: 300px) 100vw, 300px\" \/><\/div>\n\t\t<\/a>\n\t\t\t\t<div class=\"elementor-post__text\">\n\t\t\t\t<h3 class=\"elementor-post__title\">\n\t\t\t<a href=\"https:\/\/lanortenita917.com.mx\/index.php\/2024\/05\/09\/christian-nodal-borra-todas-sus-fotos-en-instagram\/\" >\n\t\t\t\tChristian Nodal Borra Todas sus Fotos en Instagram\t\t\t<\/a>\n\t\t<\/h3>\n\t\t\t\t<div class=\"elementor-post__meta-data\">\n\t\t\t\t\t<span class=\"elementor-post-date\">\n\t\t\tmayo 9, 2024\t\t<\/span>\n\t\t\t\t<span class=\"elementor-post-avatar\">\n\t\t\tNo hay comentarios\t\t<\/span>\n\t\t\t\t<\/div>\n\t\t\t\t<div class=\"elementor-post__excerpt\">\n\t\t\t<p>HERMOSILLO, Sonora.- El cantante sonorense de m\u00fasica regional mexicana, Christian Nodal, ha dejado a muchos de sus seguidores intrigados despu\u00e9s de eliminar nuevamente todas las<\/p>\n\t\t<\/div>\n\t\t\n\t\t<a class=\"elementor-post__read-more\" href=\"https:\/\/lanortenita917.com.mx\/index.php\/2024\/05\/09\/christian-nodal-borra-todas-sus-fotos-en-instagram\/\" aria-label=\"Read more about Christian Nodal Borra Todas sus Fotos en Instagram\" >\n\t\t\tLeer m\u00e1s \u00bb\t\t<\/a>\n\n\t\t\t\t<\/div>\n\t\t\t\t<\/article>\n\t\t\t\t<\/div>\n\t\t\n\t\t\t\t<\/div>\n\t\t\t\t<\/div>\n\t\t\t\t\t<\/div>\n\t\t<\/div>\n\t\t\t\t\t\t\t<\/div>\n\t\t<\/section>\n\t\t\t\t\t\t\t<\/div>\n\t\t","protected":false},"excerpt":{"rendered":"<p>Noticias<\/p>\n","protected":false},"author":1,"featured_media":0,"parent":0,"menu_order":0,"comment_status":"closed","ping_status":"closed","template":"","meta":{"site-sidebar-layout":"no-sidebar","site-content-layout":"page-builder","ast-site-content-layout":"","site-content-style":"default","site-sidebar-style":"default","ast-global-header-display":"","ast-banner-title-visibility":"","ast-main-header-display":"","ast-hfb-above-header-display":"","ast-hfb-below-header-display":"","ast-hfb-mobile-header-display":"","site-post-title":"disabled","ast-breadcrumbs-content":"","ast-featured-img":"disabled","footer-sml-layout":"","theme-transparent-header-meta":"","adv-header-id-meta":"","stick-header-meta":"","header-above-stick-meta":"","header-main-stick-meta":"","header-below-stick-meta":"","astra-migrate-meta-layouts":"","footnotes":""},"class_list":["post-1351","page","type-page","status-publish","hentry"],"_links":{"self":[{"href":"https:\/\/lanortenita917.com.mx\/index.php\/wp-json\/wp\/v2\/pages\/1351","targetHints":{"allow":["GET"]}}],"collection":[{"href":"https:\/\/lanortenita917.com.mx\/index.php\/wp-json\/wp\/v2\/pages"}],"about":[{"href":"https:\/\/lanortenita917.com.mx\/index.php\/wp-json\/wp\/v2\/types\/page"}],"author":[{"embeddable":true,"href":"https:\/\/lanortenita917.com.mx\/index.php\/wp-json\/wp\/v2\/users\/1"}],"replies":[{"embeddable":true,"href":"https:\/\/lanortenita917.com.mx\/index.php\/wp-json\/wp\/v2\/comments?post=1351"}],"version-history":[{"count":10,"href":"https:\/\/lanortenita917.com.mx\/index.php\/wp-json\/wp\/v2\/pages\/1351\/revisions"}],"predecessor-version":[{"id":1586,"href":"https:\/\/lanortenita917.com.mx\/index.php\/wp-json\/wp\/v2\/pages\/1351\/revisions\/1586"}],"wp:attachment":[{"href":"https:\/\/lanortenita917.com.mx\/index.php\/wp-json\/wp\/v2\/media?parent=1351"}],"curies":[{"name":"wp","href":"https:\/\/api.w.org\/{rel}","templated":true}]}}